{"id":2038,"date":"2023-05-30T20:18:16","date_gmt":"2023-05-30T20:18:16","guid":{"rendered":"https:\/\/construccionesmt.cl\/?page_id=2038"},"modified":"2024-05-11T23:58:45","modified_gmt":"2024-05-11T23:58:45","slug":"nosotros","status":"publish","type":"page","link":"https:\/\/construccionesmt.cl\/index.php\/nosotros\/","title":{"rendered":"Nosotros"},"content":{"rendered":"\t\t<div data-elementor-type=\"wp-page\" data-elementor-id=\"2038\" class=\"elementor elementor-2038\" data-elementor-post-type=\"page\">\n\t\t\t\t\t\t<section class=\"elementor-section elementor-top-section elementor-element elementor-element-5dc0a03 elementor-section-boxed elementor-section-height-default elementor-section-height-default\" data-id=\"5dc0a03\" data-element_type=\"section\" data-settings=\"{&quot;jet_parallax_layout_list&quot;:[]}\">\n\t\t\t\t\t\t<div class=\"elementor-container elementor-column-gap-default\">\n\t\t\t\t\t<div class=\"elementor-column elementor-col-50 elementor-top-column elementor-element elementor-element-1a3e10a\" data-id=\"1a3e10a\" data-element_type=\"column\">\n\t\t\t<div class=\"elementor-widget-wrap elementor-element-populated\">\n\t\t\t\t\t\t<div class=\"elementor-element elementor-element-79e33e4 elementor-widget elementor-widget-text-editor\" data-id=\"79e33e4\" data-element_type=\"widget\" data-widget_type=\"text-editor.default\">\n\t\t\t\t<div class=\"elementor-widget-container\">\n\t\t\t\t\t\t\t<p><strong>En Construcciones MT, somos una empresa constructora comprometida con la excelencia y la satisfacci\u00f3n del cliente. Nuestro enfoque principal es brindar servicios de construcci\u00f3n de alta calidad en todo el pa\u00eds, sin importar el tama\u00f1o de los proyectos. Desde edificaciones hasta movimiento de tierras, proyectos de gasfiter\u00eda y proyectos el\u00e9ctricos, contamos con la experiencia y el conocimiento necesarios para llevar a cabo cualquier tarea con \u00e9xito.<\/strong><\/p><p>Nuestro equipo de profesionales altamente capacitados y especializados trabaja de la mano con nuestros clientes, ofreciendo soluciones a medida y superando expectativas. Nos enorgullece entregar resultados excepcionales, utilizando materiales de calidad y adoptando las \u00faltimas t\u00e9cnicas y tecnolog\u00edas de construcci\u00f3n.<\/p>\t\t\t\t\t\t<\/div>\n\t\t\t\t<\/div>\n\t\t\t\t\t<\/div>\n\t\t<\/div>\n\t\t\t\t<div class=\"elementor-column elementor-col-50 elementor-top-column elementor-element elementor-element-d0e9ad3\" data-id=\"d0e9ad3\" data-element_type=\"column\">\n\t\t\t<div class=\"elementor-widget-wrap elementor-element-populated\">\n\t\t\t\t\t\t<div class=\"elementor-element elementor-element-43d7877 elementor-widget elementor-widget-image\" data-id=\"43d7877\" data-element_type=\"widget\" data-widget_type=\"image.default\">\n\t\t\t\t<div class=\"elementor-widget-container\">\n\t\t\t\t\t\t\t\t\t\t\t\t\t<img fetchpriority=\"high\" decoding=\"async\" width=\"800\" height=\"450\" src=\"https:\/\/construccionesmt.cl\/wp-content\/uploads\/2023\/05\/construction-1024x576.jpg\" class=\"attachment-large size-large wp-image-2089\" alt=\"\" srcset=\"https:\/\/construccionesmt.cl\/wp-content\/uploads\/2023\/05\/construction-1024x576.jpg 1024w, https:\/\/construccionesmt.cl\/wp-content\/uploads\/2023\/05\/construction-300x169.jpg 300w, https:\/\/construccionesmt.cl\/wp-content\/uploads\/2023\/05\/construction-768x432.jpg 768w, https:\/\/construccionesmt.cl\/wp-content\/uploads\/2023\/05\/construction-1536x864.jpg 1536w, https:\/\/construccionesmt.cl\/wp-content\/uploads\/2023\/05\/construction-600x338.jpg 600w, https:\/\/construccionesmt.cl\/wp-content\/uploads\/2023\/05\/construction.jpg 1920w\" sizes=\"(max-width: 800px) 100vw, 800px\" \/>\t\t\t\t\t\t\t\t\t\t\t\t\t<\/div>\n\t\t\t\t<\/div>\n\t\t\t\t\t<\/div>\n\t\t<\/div>\n\t\t\t\t\t<\/div>\n\t\t<\/section>\n\t\t\t\t<section class=\"elementor-section elementor-top-section elementor-element elementor-element-fb8fd48 elementor-section-boxed elementor-section-height-default elementor-section-height-default\" data-id=\"fb8fd48\" data-element_type=\"section\" data-settings=\"{&quot;jet_parallax_layout_list&quot;:[]}\">\n\t\t\t\t\t\t<div class=\"elementor-container elementor-column-gap-default\">\n\t\t\t\t\t<div class=\"elementor-column elementor-col-100 elementor-top-column elementor-element elementor-element-323d075\" data-id=\"323d075\" data-element_type=\"column\">\n\t\t\t<div class=\"elementor-widget-wrap elementor-element-populated\">\n\t\t\t\t\t\t<div class=\"elementor-element elementor-element-bd4e2d1 elementor-widget elementor-widget-text-editor\" data-id=\"bd4e2d1\" data-element_type=\"widget\" data-widget_type=\"text-editor.default\">\n\t\t\t\t<div class=\"elementor-widget-container\">\n\t\t\t\t\t\t\t<p>En Construcciones MT, construimos m\u00e1s que estructuras, construimos relaciones duraderas basadas en la confianza y la calidad. Conf\u00eda en nosotros para hacer realidad tus proyectos de construcci\u00f3n.<\/p>\t\t\t\t\t\t<\/div>\n\t\t\t\t<\/div>\n\t\t\t\t\t<\/div>\n\t\t<\/div>\n\t\t\t\t\t<\/div>\n\t\t<\/section>\n\t\t\t\t<\/div>\n\t\t","protected":false},"excerpt":{"rendered":"<p>En Construcciones MT, somos una empresa constructora comprometida con la excelencia y la satisfacci\u00f3n del cliente. Nuestro enfoque principal es brindar servicios de construcci\u00f3n de alta calidad en todo el pa\u00eds, sin importar el tama\u00f1o de los proyectos. Desde edificaciones hasta movimiento de tierras, proyectos de gasfiter\u00eda y proyectos el\u00e9ctricos, contamos con la experiencia y [&hellip;]<\/p>\n","protected":false},"author":3,"featured_media":2169,"parent":0,"menu_order":0,"comment_status":"closed","ping_status":"closed","template":"","meta":{"footnotes":""},"class_list":["post-2038","page","type-page","status-publish","has-post-thumbnail","hentry"],"_links":{"self":[{"href":"https:\/\/construccionesmt.cl\/index.php\/wp-json\/wp\/v2\/pages\/2038"}],"collection":[{"href":"https:\/\/construccionesmt.cl\/index.php\/wp-json\/wp\/v2\/pages"}],"about":[{"href":"https:\/\/construccionesmt.cl\/index.php\/wp-json\/wp\/v2\/types\/page"}],"author":[{"embeddable":true,"href":"https:\/\/construccionesmt.cl\/index.php\/wp-json\/wp\/v2\/users\/3"}],"replies":[{"embeddable":true,"href":"https:\/\/construccionesmt.cl\/index.php\/wp-json\/wp\/v2\/comments?post=2038"}],"version-history":[{"count":28,"href":"https:\/\/construccionesmt.cl\/index.php\/wp-json\/wp\/v2\/pages\/2038\/revisions"}],"predecessor-version":[{"id":2281,"href":"https:\/\/construccionesmt.cl\/index.php\/wp-json\/wp\/v2\/pages\/2038\/revisions\/2281"}],"wp:featuredmedia":[{"embeddable":true,"href":"https:\/\/construccionesmt.cl\/index.php\/wp-json\/wp\/v2\/media\/2169"}],"wp:attachment":[{"href":"https:\/\/construccionesmt.cl\/index.php\/wp-json\/wp\/v2\/media?parent=2038"}],"curies":[{"name":"wp","href":"https:\/\/api.w.org\/{rel}","templated":true}]}}